{"id":22,"date":"2014-03-13T07:22:02","date_gmt":"2014-03-13T07:22:02","guid":{"rendered":"http:\/\/clapat.ro\/themes\/newave-wordpress1\/?page_id=22"},"modified":"2017-01-10T09:36:06","modified_gmt":"2017-01-10T08:36:06","slug":"we-have-skills","status":"publish","type":"page","link":"https:\/\/www.hann-messe.de\/en\/we-have-skills\/","title":{"rendered":"Standvarianten"},"content":{"rendered":"<div class=\"one_third text-align-center\"><div class=\"radial-counter\"><input class=\"knob\"  rel=\"85\" value=\"0\"><p class=\"radial-counter-name\">Premium<\/p><p class=\"radial-counter-info\">Ein f\u00fcr Ihr Unternehmen individueller massgeschnittenen Messeauftritt.<\/p>\n<p><br \/><br \/><\/p>\n<p><a class=\"newave-button small rounded outline   black\" href=\"#\" target=\"_self\">Mehr<\/a><\/p>\n<p><\/p><\/div><\/div>\n<div class=\"one_third text-align-center\"><div class=\"radial-counter\"><input class=\"knob\"  rel=\"100\" value=\"0\"><p class=\"radial-counter-name\">Gold<\/p><p class=\"radial-counter-info\">Ein Standkonzept mit einem H\u00f6chstma\u00df an Individualit\u00e4t und Modernit\u00e4t.<\/p>\n<p><br \/><br \/><\/p>\n<p><a class=\"newave-button small rounded outline   black\" href=\"#\" target=\"_self\">Mehr<\/a><\/p>\n<p><\/p><\/div><\/div>\n<div class=\"one_third text-align-center last\"><div class=\"radial-counter\"><input class=\"knob\"  rel=\"65\" value=\"0\"><p class=\"radial-counter-name\">Silver<\/p><p class=\"radial-counter-info\">Auch mit einem kleinen Stand k\u00f6nnen Sie einen professionellen Auftritt haben.<\/p>\n<p><br \/><br \/><\/p>\n<p><a class=\"newave-button small rounded outline   black\" href=\"#\" target=\"_self\">Mehr<\/a><\/p>\n<p><\/p><\/div><\/div>\n<h4 class=\"title-divider\">mit festpreisgarantie<\/h4>\n","protected":false},"excerpt":{"rendered":"PremiumEin f\u00fcr Ihr Unternehmen individueller massgeschnittenen Messeauftritt. Mehr GoldEin Standkonzept mit einem H\u00f6chstma\u00df an Individualit\u00e4t und Modernit\u00e4t. Mehr SilverAuch mit einem kleinen Stand k\u00f6nnen Sie einen professionellen Auftritt haben. Mehr mit festpreisgarantie","protected":false},"author":1,"featured_media":0,"parent":0,"menu_order":0,"comment_status":"open","ping_status":"open","template":"","meta":{"footnotes":""},"class_list":["post-22","page","type-page","status-publish","hentry"],"translation":{"provider":"WPGlobus","version":"3.0.0","language":"en","enabled_languages":["de","en"],"languages":{"de":{"title":true,"content":true,"excerpt":false},"en":{"title":false,"content":false,"excerpt":false}}},"_links":{"self":[{"href":"https:\/\/www.hann-messe.de\/en\/wp-json\/wp\/v2\/pages\/22","targetHints":{"allow":["GET"]}}],"collection":[{"href":"https:\/\/www.hann-messe.de\/en\/wp-json\/wp\/v2\/pages"}],"about":[{"href":"https:\/\/www.hann-messe.de\/en\/wp-json\/wp\/v2\/types\/page"}],"author":[{"embeddable":true,"href":"https:\/\/www.hann-messe.de\/en\/wp-json\/wp\/v2\/users\/1"}],"replies":[{"embeddable":true,"href":"https:\/\/www.hann-messe.de\/en\/wp-json\/wp\/v2\/comments?post=22"}],"version-history":[{"count":14,"href":"https:\/\/www.hann-messe.de\/en\/wp-json\/wp\/v2\/pages\/22\/revisions"}],"predecessor-version":[{"id":39888,"href":"https:\/\/www.hann-messe.de\/en\/wp-json\/wp\/v2\/pages\/22\/revisions\/39888"}],"wp:attachment":[{"href":"https:\/\/www.hann-messe.de\/en\/wp-json\/wp\/v2\/media?parent=22"}],"curies":[{"name":"wp","href":"https:\/\/api.w.org\/{rel}","templated":true}]}}